{"id":67,"date":"2026-04-13T23:32:02","date_gmt":"2026-04-13T21:32:02","guid":{"rendered":"https:\/\/ch1291.ch\/cms\/?page_id=67"},"modified":"2026-04-13T23:35:37","modified_gmt":"2026-04-13T21:35:37","slug":"il-progetto","status":"publish","type":"page","link":"https:\/\/ch1291.ch\/cms\/it\/il-progetto\/","title":{"rendered":"Il progetto"},"content":{"rendered":"<p><img loading=\"lazy\" decoding=\"async\" class=\"alignleft wp-image-30 size-thumbnail\" src=\"https:\/\/ch1291.ch\/cms\/wp-content\/uploads\/2026\/02\/urs-150x150.jpg\" alt=\"\" width=\"150\" height=\"150\" srcset=\"https:\/\/ch1291.ch\/cms\/wp-content\/uploads\/2026\/02\/urs-150x150.jpg 150w, https:\/\/ch1291.ch\/cms\/wp-content\/uploads\/2026\/02\/urs-300x300.jpg 300w, https:\/\/ch1291.ch\/cms\/wp-content\/uploads\/2026\/02\/urs.jpg 708w\" sizes=\"auto, (max-width: 150px) 100vw, 150px\" \/>Permesso, mi chiamo Urs. Amo fare escursioni e andare in bicicletta, sia in Svizzera che all&#8217;estero. Il progetto <strong><a href=\"https:\/\/ch1291.ch\">ch1291.ch<\/a><\/strong> prevede che nel 2026 percorrer\u00f2 a piedi l&#8217;intero perimetro della Svizzera. Il numero 1291 non si riferisce principalmente all&#8217;anno di fondazione della Confederazione, ma \u00e8 il risultato della mia pianificazione, che prevede un percorso di esattamente 1291 chilometri. L&#8217;inizio \u00e8 previsto per marzo 2026 e, se tutto va bene, vorrei completare il giro completo entro ottobre 2026. Durante questo viaggio, non voglio solo ammirare splendidi paesaggi, ma anche capire come si vive appena oltre il confine. Cosa pensano le persone che vivono vicino, ma non in Svizzera, della Svizzera? E cosa pensiamo noi svizzeri dei paesi vicini?<\/p>\n<p><strong><a href=\"https:\/\/ch1291.ch\">Ch1291.ch<\/a><\/strong> non \u00e8 un progetto politico. Naturalmente, ognuno \u00e8 libero di esprimere la propria opinione sulla Svizzera o sull&#8217;Europa. Ma la domanda se la Svizzera debba ratificare i nuovi trattati dell&#8217;UE, aderire all&#8217;UE o rimanere un&#8217;isola isolata, non \u00e8 al centro di questo progetto. L&#8217;obiettivo \u00e8 concentrarsi sul paesaggio e sulle persone che vivono vicino al confine.<\/p>\n<p><img loading=\"lazy\" decoding=\"async\" class=\"alignnone wp-image-31 size-large\" src=\"https:\/\/ch1291.ch\/cms\/wp-content\/uploads\/2026\/02\/fels-1024x576.jpg\" alt=\"\" width=\"1024\" height=\"576\" srcset=\"https:\/\/ch1291.ch\/cms\/wp-content\/uploads\/2026\/02\/fels-1024x576.jpg 1024w, https:\/\/ch1291.ch\/cms\/wp-content\/uploads\/2026\/02\/fels-300x169.jpg 300w, https:\/\/ch1291.ch\/cms\/wp-content\/uploads\/2026\/02\/fels-768x432.jpg 768w, https:\/\/ch1291.ch\/cms\/wp-content\/uploads\/2026\/02\/fels-1536x864.jpg 1536w, https:\/\/ch1291.ch\/cms\/wp-content\/uploads\/2026\/02\/fels.jpg 1920w\" sizes=\"auto, (max-width: 1024px) 100vw, 1024px\" \/><\/p>\n<p>Durante il mio viaggio, creer\u00f2 una documentazione in cui racconter\u00f2 le mie impressioni e la condivider\u00f2 con voi. Ognuno \u00e8 invitato a partecipare al progetto. \u00c8 possibile farlo nei seguenti modi:<\/p>\n<p>a) Visitate regolarmente questo sito. Annuncer\u00f2 il mio prossimo tratto di percorso circa uno o tre giorni prima. Potrete incontrarmi lungo il percorso, camminare un po&#8216; con me e, soprattutto, condividere con me i vostri pensieri sulla Svizzera e sui paesi vicini.<\/p>\n<p>b) Iscrivetevi alla mia newsletter inviando un&#8217;e-mail a office@azurgo.ch. Riceverete quindi un&#8217;e-mail qualche giorno prima della mia prossima avventura.<\/p>\n<p>c) Avete un&#8217;idea che potrebbe essere interessante per <strong><a href=\"https:\/\/ch1291.ch\">ch1291.ch?<\/a><\/strong> Potrebbe trattarsi di un luogo vicino al confine, di una persona che potrebbe parlare della vita al confine o di un evento storico legato alla storia del confine. Se avete un suggerimento, potete anche chiamarmi direttamente al +41 79 227 49 50.<\/p>\n<p>In questo senso, non vedo l&#8217;ora di incontrarvi e di avere delle conversazioni stimolanti.<\/p>\n<p>Urs Pfister<\/p>\n<p><em><strong>Note:<\/strong> questa pagina web privata \u00e8 gestita da Urs Pfister, Stegstr. 14, CH-8132 Egg. Potete contattarlo al +41 79 227 49 50 o all&#8217;indirizzo office@azurgo.ch. A causa del carattere non commerciale di questa pagina web, non \u00e8 presente una dichiarazione sulla privacy completa. Tuttavia, posso assicurare che questa pagina web non raccoglie informazioni personali (ad eccezione dei commenti). Nel file di registro vengono memorizzati l&#8217;identificativo del browser e l&#8217;indirizzo IP. Per quanto possibile, non verranno trasmessi dati a terzi. Se desiderate saperne di pi\u00f9 su di me, potete trovare ulteriori informazioni su <strong><a href=\"https:\/\/azurgo.ch\">https:\/\/azurgo.ch<\/a><\/strong> (escursioni e ciclismo), <strong><a href=\"https:\/\/moviebox.ch\">https:\/\/moviebox.ch<\/a><\/strong> (directory di film svizzeri) o <strong><a href=\"https:\/\/archivista.ch\">https:\/\/archivista.ch<\/a><\/strong> (la mia azienda che offre soluzioni aziendali con ArchivistaBox).<\/em><\/p>\n","protected":false},"excerpt":{"rendered":"<p>Permesso, mi chiamo Urs. Amo fare escursioni e andare in bicicletta, sia in Svizzera che all&#8217;estero. Il progetto ch1291.ch prevede [&hellip;]<\/p>\n","protected":false},"author":1,"featured_media":0,"parent":0,"menu_order":0,"comment_status":"closed","ping_status":"open","template":"","meta":{"site-sidebar-layout":"default","site-content-layout":"","ast-site-content-layout":"default","site-content-style":"default","site-sidebar-style":"default","ast-global-header-display":"","ast-banner-title-visibility":"","ast-main-header-display":"","ast-hfb-above-header-display":"","ast-hfb-below-header-display":"","ast-hfb-mobile-header-display":"","site-post-title":"","ast-breadcrumbs-content":"","ast-featured-img":"","footer-sml-layout":"","ast-disable-related-posts":"","theme-transparent-header-meta":"default","adv-header-id-meta":"","stick-header-meta":"","header-above-stick-meta":"","header-main-stick-meta":"","header-below-stick-meta":"","astra-migrate-meta-layouts":"set","ast-page-background-enabled":"default","ast-page-background-meta":{"desktop":{"background-color":"var(--ast-global-color-5)","background-image":"","background-repeat":"repeat","background-position":"center center","background-size":"auto","background-attachment":"scroll","background-type":"","background-media":"","overlay-type":"","overlay-color":"","overlay-opacity":"","overlay-gradient":""},"tablet":{"background-color":"","background-image":"","background-repeat":"repeat","background-position":"center center","background-size":"auto","background-attachment":"scroll","background-type":"","background-media":"","overlay-type":"","overlay-color":"","overlay-opacity":"","overlay-gradient":""},"mobile":{"background-color":"","background-image":"","background-repeat":"repeat","background-position":"center center","background-size":"auto","background-attachment":"scroll","background-type":"","background-media":"","overlay-type":"","overlay-color":"","overlay-opacity":"","overlay-gradient":""}},"ast-content-background-meta":{"desktop":{"background-color":"var(--ast-global-color-4)","background-image":"","background-repeat":"repeat","background-position":"center center","background-size":"auto","background-attachment":"scroll","background-type":"","background-media":"","overlay-type":"","overlay-color":"","overlay-opacity":"","overlay-gradient":""},"tablet":{"background-color":"var(--ast-global-color-4)","background-image":"","background-repeat":"repeat","background-position":"center center","background-size":"auto","background-attachment":"scroll","background-type":"","background-media":"","overlay-type":"","overlay-color":"","overlay-opacity":"","overlay-gradient":""},"mobile":{"background-color":"var(--ast-global-color-4)","background-image":"","background-repeat":"repeat","background-position":"center center","background-size":"auto","background-attachment":"scroll","background-type":"","background-media":"","overlay-type":"","overlay-color":"","overlay-opacity":"","overlay-gradient":""}},"footnotes":""},"class_list":["post-67","page","type-page","status-publish","hentry"],"_links":{"self":[{"href":"https:\/\/ch1291.ch\/cms\/wp-json\/wp\/v2\/pages\/67","targetHints":{"allow":["GET"]}}],"collection":[{"href":"https:\/\/ch1291.ch\/cms\/wp-json\/wp\/v2\/pages"}],"about":[{"href":"https:\/\/ch1291.ch\/cms\/wp-json\/wp\/v2\/types\/page"}],"author":[{"embeddable":true,"href":"https:\/\/ch1291.ch\/cms\/wp-json\/wp\/v2\/users\/1"}],"replies":[{"embeddable":true,"href":"https:\/\/ch1291.ch\/cms\/wp-json\/wp\/v2\/comments?post=67"}],"version-history":[{"count":3,"href":"https:\/\/ch1291.ch\/cms\/wp-json\/wp\/v2\/pages\/67\/revisions"}],"predecessor-version":[{"id":71,"href":"https:\/\/ch1291.ch\/cms\/wp-json\/wp\/v2\/pages\/67\/revisions\/71"}],"wp:attachment":[{"href":"https:\/\/ch1291.ch\/cms\/wp-json\/wp\/v2\/media?parent=67"}],"curies":[{"name":"wp","href":"https:\/\/api.w.org\/{rel}","templated":true}]}}