{"id":62,"date":"2026-04-13T23:26:30","date_gmt":"2026-04-13T21:26:30","guid":{"rendered":"https:\/\/ch1291.ch\/cms\/?page_id=62"},"modified":"2026-04-13T23:27:33","modified_gmt":"2026-04-13T21:27:33","slug":"le-project","status":"publish","type":"page","link":"https:\/\/ch1291.ch\/cms\/fr\/le-project\/","title":{"rendered":"Le project"},"content":{"rendered":"<p><img loading=\"lazy\" decoding=\"async\" class=\"wp-image-30 size-thumbnail alignleft\" src=\"https:\/\/ch1291.ch\/cms\/wp-content\/uploads\/2026\/02\/urs-150x150.jpg\" alt=\"\" width=\"150\" height=\"150\" srcset=\"https:\/\/ch1291.ch\/cms\/wp-content\/uploads\/2026\/02\/urs-150x150.jpg 150w, https:\/\/ch1291.ch\/cms\/wp-content\/uploads\/2026\/02\/urs-300x300.jpg 300w, https:\/\/ch1291.ch\/cms\/wp-content\/uploads\/2026\/02\/urs.jpg 708w\" sizes=\"auto, (max-width: 150px) 100vw, 150px\" \/>Bonjour, je m&#8217;appelle Urs. Je suis un passionn\u00e9 de randonn\u00e9e et de cyclisme, et j&#8217;aime explorer le monde, proche comme lointain. Le projet <strong><a href=\"https:\/\/ch1291.ch\">ch1291.ch<\/a><\/strong> a pour objectif de faire le tour de la Suisse \u00e0 pied en 2026. Le nombre 1291 ne fait pas r\u00e9f\u00e9rence \u00e0 l&#8217;ann\u00e9e de fondation de la Conf\u00e9d\u00e9ration suisse, mais au r\u00e9sultat de ma planification : mon itin\u00e9raire fera exactement 1291 kilom\u00e8tres. Le d\u00e9part est pr\u00e9vu en mars 2026, et si tout se passe bien, j&#8217;aimerais terminer cette randonn\u00e9e en octobre 2026. Au cours de ce voyage, je souhaite non seulement d\u00e9couvrir de magnifiques paysages, mais aussi explorer la question de savoir comment vivent les gens de l&#8217;autre c\u00f4t\u00e9 de la fronti\u00e8re. Que pensent les personnes qui vivent pr\u00e8s de la Suisse, mais pas en Suisse, de la Suisse ? Et que pensons-nous, Suisses, de nos voisins ?<\/p>\n<p><strong><a href=\"https:\/\/ch1291.ch\">ch1291.ch<\/a><\/strong> n&#8217;est pas un projet politique. Bien s\u00fbr, chacun est libre d&#8217;avoir son opinion personnelle sur la Suisse et l&#8217;Europe. Mais la question de savoir si la Suisse doit adopter les nouveaux trait\u00e9s de l&#8217;UE, adh\u00e9rer \u00e0 l&#8217;UE ou rester une \u00eele isol\u00e9e n&#8217;est pas vraiment pertinente ici. Il s&#8217;agit plut\u00f4t des paysages et des personnes qui vivent pr\u00e8s de la fronti\u00e8re.<\/p>\n<p><img loading=\"lazy\" decoding=\"async\" class=\"alignnone wp-image-31 size-large\" src=\"https:\/\/ch1291.ch\/cms\/wp-content\/uploads\/2026\/02\/fels-1024x576.jpg\" alt=\"\" width=\"1024\" height=\"576\" srcset=\"https:\/\/ch1291.ch\/cms\/wp-content\/uploads\/2026\/02\/fels-1024x576.jpg 1024w, https:\/\/ch1291.ch\/cms\/wp-content\/uploads\/2026\/02\/fels-300x169.jpg 300w, https:\/\/ch1291.ch\/cms\/wp-content\/uploads\/2026\/02\/fels-768x432.jpg 768w, https:\/\/ch1291.ch\/cms\/wp-content\/uploads\/2026\/02\/fels-1536x864.jpg 1536w, https:\/\/ch1291.ch\/cms\/wp-content\/uploads\/2026\/02\/fels.jpg 1920w\" sizes=\"auto, (max-width: 1024px) 100vw, 1024px\" \/><\/p>\n<p>Au cours de mon voyage, je cr\u00e9erai une documentation dans laquelle je consignerai mes impressions et que je partagerai avec vous. Chacun est invit\u00e9 \u00e0 participer au projet, de mani\u00e8re simple :<\/p>\n<p>a) Visitez r\u00e9guli\u00e8rement cette page. Je vous annoncerai mon prochain tron\u00e7on de route environ un \u00e0 trois jours \u00e0 l&#8217;avance. Vous pourrez ainsi me rencontrer en cours de route, marcher un peu avec moi et, surtout, me faire part de vos r\u00e9flexions sur la Suisse et les pays voisins.<\/p>\n<p>b) Envoyez-moi un e-mail \u00e0 office@azurgo.ch et je vous ajouterai \u00e0 ma liste de diffusion. Vous recevrez alors un e-mail de ma part quelques jours avant ma prochaine aventure.<\/p>\n<p>c) Vous avez une id\u00e9e qui pourrait s&#8217;inscrire dans le projet <strong><a href=\"https:\/\/ch1291.ch\">ch1291.ch.<\/a><\/strong> Il peut s&#8217;agir d&#8217;un lieu pr\u00e8s de la fronti\u00e8re, d&#8217;une personne qui pourrait raconter son exp\u00e9rience de la vie \u00e0 la fronti\u00e8re, ou d&#8217;un \u00e9v\u00e9nement historique li\u00e9 \u00e0 l&#8217;histoire de la fronti\u00e8re. Si vous avez une suggestion de th\u00e8me, n&#8217;h\u00e9sitez pas \u00e0 m&#8217;appeler directement au +41 79 227 49 50.<\/p>\n<p>Dans cet esprit, j&#8217;ai h\u00e2te de vous rencontrer et d&#8217;\u00e9changer avec vous.<\/p>\n<p>Urs Pfister<\/p>\n<p>Informations compl\u00e9mentaires : Ce site web personnel est g\u00e9r\u00e9 par Urs Pfister, Stegstr. 14, CH-8132 Egg. Vous pouvez le contacter au +41 79 227 49 50 ou \u00e0 office@azurgo.ch. En raison du caract\u00e8re non commercial de ce site web, une d\u00e9claration de confidentialit\u00e9 compl\u00e8te n&#8217;est pas fournie. Toutefois, il peut \u00eatre assur\u00e9 que ce site web ne collecte aucune information personnelle (sauf pour les commentaires). L&#8217;identifiant du navigateur et l&#8217;adresse IP sont enregistr\u00e9s dans le fichier journal. Dans la mesure du possible, aucune donn\u00e9e n&#8217;est transmise \u00e0 des tiers. Si vous souhaitez en savoir plus sur moi, vous trouverez des informations suppl\u00e9mentaires sur <strong><a href=\"https:\/\/azurgo.ch\">https:\/\/azurgo.ch<\/a><\/strong> (randonn\u00e9e et cyclisme), <strong><a href=\"https:\/\/moviebox.ch\">https:\/\/moviebox.ch<\/a><\/strong> (r\u00e9pertoire de films suisses) ou <strong><a href=\"https:\/\/archivista.ch\">https:\/\/archivista.ch<\/a><\/strong> (ma soci\u00e9t\u00e9 de solutions d&#8217;affaires avec ArchivistaBox).<\/p>\n","protected":false},"excerpt":{"rendered":"<p>Bonjour, je m&#8217;appelle Urs. Je suis un passionn\u00e9 de randonn\u00e9e et de cyclisme, et j&#8217;aime explorer le monde, proche comme [&hellip;]<\/p>\n","protected":false},"author":1,"featured_media":0,"parent":0,"menu_order":0,"comment_status":"closed","ping_status":"open","template":"","meta":{"site-sidebar-layout":"default","site-content-layout":"","ast-site-content-layout":"default","site-content-style":"default","site-sidebar-style":"default","ast-global-header-display":"","ast-banner-title-visibility":"","ast-main-header-display":"","ast-hfb-above-header-display":"","ast-hfb-below-header-display":"","ast-hfb-mobile-header-display":"","site-post-title":"","ast-breadcrumbs-content":"","ast-featured-img":"","footer-sml-layout":"","ast-disable-related-posts":"","theme-transparent-header-meta":"default","adv-header-id-meta":"","stick-header-meta":"","header-above-stick-meta":"","header-main-stick-meta":"","header-below-stick-meta":"","astra-migrate-meta-layouts":"set","ast-page-background-enabled":"default","ast-page-background-meta":{"desktop":{"background-color":"var(--ast-global-color-5)","background-image":"","background-repeat":"repeat","background-position":"center center","background-size":"auto","background-attachment":"scroll","background-type":"","background-media":"","overlay-type":"","overlay-color":"","overlay-opacity":"","overlay-gradient":""},"tablet":{"background-color":"","background-image":"","background-repeat":"repeat","background-position":"center center","background-size":"auto","background-attachment":"scroll","background-type":"","background-media":"","overlay-type":"","overlay-color":"","overlay-opacity":"","overlay-gradient":""},"mobile":{"background-color":"","background-image":"","background-repeat":"repeat","background-position":"center center","background-size":"auto","background-attachment":"scroll","background-type":"","background-media":"","overlay-type":"","overlay-color":"","overlay-opacity":"","overlay-gradient":""}},"ast-content-background-meta":{"desktop":{"background-color":"var(--ast-global-color-4)","background-image":"","background-repeat":"repeat","background-position":"center center","background-size":"auto","background-attachment":"scroll","background-type":"","background-media":"","overlay-type":"","overlay-color":"","overlay-opacity":"","overlay-gradient":""},"tablet":{"background-color":"var(--ast-global-color-4)","background-image":"","background-repeat":"repeat","background-position":"center center","background-size":"auto","background-attachment":"scroll","background-type":"","background-media":"","overlay-type":"","overlay-color":"","overlay-opacity":"","overlay-gradient":""},"mobile":{"background-color":"var(--ast-global-color-4)","background-image":"","background-repeat":"repeat","background-position":"center center","background-size":"auto","background-attachment":"scroll","background-type":"","background-media":"","overlay-type":"","overlay-color":"","overlay-opacity":"","overlay-gradient":""}},"footnotes":""},"class_list":["post-62","page","type-page","status-publish","hentry"],"_links":{"self":[{"href":"https:\/\/ch1291.ch\/cms\/wp-json\/wp\/v2\/pages\/62","targetHints":{"allow":["GET"]}}],"collection":[{"href":"https:\/\/ch1291.ch\/cms\/wp-json\/wp\/v2\/pages"}],"about":[{"href":"https:\/\/ch1291.ch\/cms\/wp-json\/wp\/v2\/types\/page"}],"author":[{"embeddable":true,"href":"https:\/\/ch1291.ch\/cms\/wp-json\/wp\/v2\/users\/1"}],"replies":[{"embeddable":true,"href":"https:\/\/ch1291.ch\/cms\/wp-json\/wp\/v2\/comments?post=62"}],"version-history":[{"count":3,"href":"https:\/\/ch1291.ch\/cms\/wp-json\/wp\/v2\/pages\/62\/revisions"}],"predecessor-version":[{"id":66,"href":"https:\/\/ch1291.ch\/cms\/wp-json\/wp\/v2\/pages\/62\/revisions\/66"}],"wp:attachment":[{"href":"https:\/\/ch1291.ch\/cms\/wp-json\/wp\/v2\/media?parent=62"}],"curies":[{"name":"wp","href":"https:\/\/api.w.org\/{rel}","templated":true}]}}