{"id":2,"date":"2026-02-23T15:48:30","date_gmt":"2026-02-23T14:48:30","guid":{"rendered":"http:\/\/ch1291.ch\/cms\/?page_id=2"},"modified":"2026-04-13T23:39:00","modified_gmt":"2026-04-13T21:39:00","slug":"beispiel-seite","status":"publish","type":"page","link":"https:\/\/ch1291.ch\/cms\/beispiel-seite\/","title":{"rendered":"Das Projekt"},"content":{"rendered":"<p><img loading=\"lazy\" decoding=\"async\" class=\"wp-image-30 size-thumbnail alignleft\" src=\"https:\/\/ch1291.ch\/cms\/wp-content\/uploads\/2026\/02\/urs-150x150.jpg\" alt=\"\" width=\"150\" height=\"150\" srcset=\"https:\/\/ch1291.ch\/cms\/wp-content\/uploads\/2026\/02\/urs-150x150.jpg 150w, https:\/\/ch1291.ch\/cms\/wp-content\/uploads\/2026\/02\/urs-300x300.jpg 300w, https:\/\/ch1291.ch\/cms\/wp-content\/uploads\/2026\/02\/urs.jpg 708w\" sizes=\"auto, (max-width: 150px) 100vw, 150px\" \/> Gestatten, mein Name ist Urs. Ich wandere und radle leidenschaftlich gerne durch die ferne und nahe Welt. Das Projekt ch1291.ch soll mich im Jahre 2026 wandernd einmal um die Schweiz f\u00fchren.\u00a0Die Zahl 1291 ist nicht prim\u00e4r dem Entstehungsjahr der Eidgenossenschaft geschuldet, sondern dem Resultat meiner Planung, dass meine Route exakt 1291 Kilometer lang sein wird. Geplanter Start ist im M\u00e4rz 2026 und sollte alles klappen, so w\u00fcrde ich gerne irgendwann im Oktober 2026 die Umwanderung abschliessen.\u00a0Auf dieser Reise m\u00f6chte ich nicht nur tolle Landschaften antreffen, sondern auch der Frage nachgehen, wie lebt es sich gleich hinter der Grenze. Was denken die Menschen, die nahe, aber nicht in der Schweiz leben, \u00fcber die Schweiz. Und was denken wir Schweizer\/innen \u00fcber das nahe Ausland.<\/p>\n<p>Dabei ist ch1291.ch kein politisches Projekt. Nat\u00fcrlich darf jede\/r seine pers\u00f6nliche Meinung zur Frage der Schweiz bzw. zu Europa haben. Nur, ob die Schweiz die neuen EU-Vertr\u00e4ge annehmen soll, ob sie gar der EU beitreten soll oder ob sie als Insel ganz alleine unterwegs sein soll, diese Frage interessiert hier nicht wirklich. Es soll um die Landschaft und die Menschen gehen, die in der N\u00e4he zur Grenze leben.<\/p>\n<p><img loading=\"lazy\" decoding=\"async\" class=\"alignnone wp-image-31 size-large\" src=\"https:\/\/ch1291.ch\/cms\/wp-content\/uploads\/2026\/02\/fels-1024x576.jpg\" alt=\"\" width=\"1024\" height=\"576\" srcset=\"https:\/\/ch1291.ch\/cms\/wp-content\/uploads\/2026\/02\/fels-1024x576.jpg 1024w, https:\/\/ch1291.ch\/cms\/wp-content\/uploads\/2026\/02\/fels-300x169.jpg 300w, https:\/\/ch1291.ch\/cms\/wp-content\/uploads\/2026\/02\/fels-768x432.jpg 768w, https:\/\/ch1291.ch\/cms\/wp-content\/uploads\/2026\/02\/fels-1536x864.jpg 1536w, https:\/\/ch1291.ch\/cms\/wp-content\/uploads\/2026\/02\/fels.jpg 1920w\" sizes=\"auto, (max-width: 1024px) 100vw, 1024px\" \/><\/p>\n<p>Entstehen w\u00e4hrend meiner Reise soll eine Dokumentation, bei der ich meine Eindr\u00fccke festhalte und die ich mit Euch teilen werde. Jede\/r ist eingeladen, am Projekt mitzumachen.\u00a0Das geht ganz einfach auf folgende Wege:<\/p>\n<p>a) Du schaust regelm\u00e4ssig hier vorbei. Jeweils etwa ein bis drei Tage k\u00fcndige ich mein n\u00e4chstes geplantes Wegst\u00fcck an. Dabei kannst Du mich unterwegs treffen, etwas zusammen mit mir wandern und vor allem, mir Deine Gedanken zur Schweiz und dem grenznahen Ausland mitteilen.<\/p>\n<p>b) Du meldest Dich bei mir per Mail unter <strong><a href=\"mailto:office@azurgo.ch\">office@azurgo.ch<\/a><\/strong> und ich nehme Dich dann gerne auf meinen Verteiler. Du erh\u00e4ltst dann jeweils ein paar Tage vor meinem n\u00e4chsten Abenteuer eine kurze Mail von mir.<\/p>\n<p>c) Du hast eine Idee, was zu ch1291.ch passen k\u00f6nnte. Das kann ein Ort nahe der Grenze sein, das kann ein Person sein, die etwas \u00fcber das Leben an der Grenze erz\u00e4hlen mag und\/oder es kann eine historische Begebenheit sein, welche im weitesten Sinne zur Grenzgeschichte geh\u00f6rt. Falls Du einen Themenvorschlag hast, darfst Du auch gerne direkt unter +41 79 227 49 50 anrufen.<\/p>\n<p>In diesem Sinne, ich freue mich auf viele anregende Begegnungen mit Euch.<\/p>\n<p>Urs Pfister<\/p>\n<p><em><strong>Hinweise:<\/strong> Diese private Homepage wird von Urs Pfister, Stegstr. 14, CH-8132 Egg betrieben. Er kann unter +41 79 227 49 50 oder office@azurgo.ch erreicht werden. Aufgrund des nicht kommerziellen Charakters dieser Homepage wird auf eine vollst\u00e4ndige Datenschutzerkl\u00e4rung verzichtet. Es darf aber versichert werden, dass diese Homepage keine pers\u00f6nlichen Informationen sammelt (Ausnahme Kommentare). F\u00fcr die Log-Datei werden Browser-Kennung und die IP-Adresse gespeichert. Es werden nach bestem Wissen und Gewissen keine Daten an Dritte weitergeleitet. Wer mehr \u00fcber meine Person erfahren m\u00f6chte, findet unter <strong><a href=\"https:\/\/azurgo.ch\">https:\/\/azurgo.ch<\/a><\/strong> (Wandern und Velofahren), <strong><a href=\"https:\/\/moviebox.ch\">https:\/\/moviebox.ch<\/a><\/strong> (Schweizer Filmverzeichnis) oder <strong><a href=\"https:\/\/archivista.ch\">https:\/\/archivista.ch<\/a><\/strong> (meine Firma f\u00fcr Business-L\u00f6sungen mit der ArchivistaBox) weitere Informationen.<\/em><\/p>\n","protected":false},"excerpt":{"rendered":"<p>Gestatten, mein Name ist Urs. Ich wandere und radle leidenschaftlich gerne durch die ferne und nahe Welt. Das Projekt ch1291.ch [&hellip;]<\/p>\n","protected":false},"author":1,"featured_media":0,"parent":0,"menu_order":0,"comment_status":"closed","ping_status":"open","template":"","meta":{"site-sidebar-layout":"default","site-content-layout":"","ast-site-content-layout":"default","site-content-style":"default","site-sidebar-style":"default","ast-global-header-display":"","ast-banner-title-visibility":"","ast-main-header-display":"","ast-hfb-above-header-display":"","ast-hfb-below-header-display":"","ast-hfb-mobile-header-display":"","site-post-title":"","ast-breadcrumbs-content":"","ast-featured-img":"","footer-sml-layout":"","ast-disable-related-posts":"","theme-transparent-header-meta":"default","adv-header-id-meta":"","stick-header-meta":"","header-above-stick-meta":"","header-main-stick-meta":"","header-below-stick-meta":"","astra-migrate-meta-layouts":"set","ast-page-background-enabled":"default","ast-page-background-meta":{"desktop":{"background-color":"var(--ast-global-color-5)","background-image":"","background-repeat":"repeat","background-position":"center center","background-size":"auto","background-attachment":"scroll","background-type":"","background-media":"","overlay-type":"","overlay-color":"","overlay-opacity":"","overlay-gradient":""},"tablet":{"background-color":"","background-image":"","background-repeat":"repeat","background-position":"center center","background-size":"auto","background-attachment":"scroll","background-type":"","background-media":"","overlay-type":"","overlay-color":"","overlay-opacity":"","overlay-gradient":""},"mobile":{"background-color":"","background-image":"","background-repeat":"repeat","background-position":"center center","background-size":"auto","background-attachment":"scroll","background-type":"","background-media":"","overlay-type":"","overlay-color":"","overlay-opacity":"","overlay-gradient":""}},"ast-content-background-meta":{"desktop":{"background-color":"var(--ast-global-color-4)","background-image":"","background-repeat":"repeat","background-position":"center center","background-size":"auto","background-attachment":"scroll","background-type":"","background-media":"","overlay-type":"","overlay-color":"","overlay-opacity":"","overlay-gradient":""},"tablet":{"background-color":"var(--ast-global-color-4)","background-image":"","background-repeat":"repeat","background-position":"center center","background-size":"auto","background-attachment":"scroll","background-type":"","background-media":"","overlay-type":"","overlay-color":"","overlay-opacity":"","overlay-gradient":""},"mobile":{"background-color":"var(--ast-global-color-4)","background-image":"","background-repeat":"repeat","background-position":"center center","background-size":"auto","background-attachment":"scroll","background-type":"","background-media":"","overlay-type":"","overlay-color":"","overlay-opacity":"","overlay-gradient":""}},"footnotes":""},"class_list":["post-2","page","type-page","status-publish","hentry"],"_links":{"self":[{"href":"https:\/\/ch1291.ch\/cms\/wp-json\/wp\/v2\/pages\/2","targetHints":{"allow":["GET"]}}],"collection":[{"href":"https:\/\/ch1291.ch\/cms\/wp-json\/wp\/v2\/pages"}],"about":[{"href":"https:\/\/ch1291.ch\/cms\/wp-json\/wp\/v2\/types\/page"}],"author":[{"embeddable":true,"href":"https:\/\/ch1291.ch\/cms\/wp-json\/wp\/v2\/users\/1"}],"replies":[{"embeddable":true,"href":"https:\/\/ch1291.ch\/cms\/wp-json\/wp\/v2\/comments?post=2"}],"version-history":[{"count":4,"href":"https:\/\/ch1291.ch\/cms\/wp-json\/wp\/v2\/pages\/2\/revisions"}],"predecessor-version":[{"id":32,"href":"https:\/\/ch1291.ch\/cms\/wp-json\/wp\/v2\/pages\/2\/revisions\/32"}],"wp:attachment":[{"href":"https:\/\/ch1291.ch\/cms\/wp-json\/wp\/v2\/media?parent=2"}],"curies":[{"name":"wp","href":"https:\/\/api.w.org\/{rel}","templated":true}]}}